{"id":2,"date":"2016-05-10T03:48:21","date_gmt":"2016-05-10T03:48:21","guid":{"rendered":"http:\/\/margarete-blank-gedenkstaette.com\/?page_id=2"},"modified":"2026-03-10T19:40:59","modified_gmt":"2026-03-10T19:40:59","slug":"sample-page","status":"publish","type":"page","link":"http:\/\/margarete-blank-gedenkstaette.com\/?page_id=2","title":{"rendered":"Kontakt \/ Impressum"},"content":{"rendered":"<h2 style=\"text-align: center;\"><strong>Dr.-Margarete-Blank-Gedenkst\u00e4tte Panitzsch e. V.<\/strong><\/h2>\n<p style=\"text-align: center;\"><strong>Registergericht: Leipzig<br \/>\nRegisternummer: VR 6928<\/strong><\/p>\n<p style=\"text-align: center;\"><strong>Adresse:<\/strong><br \/>\n<strong>Dr.-Margarete-Blank-Stra\u00dfe 15<\/strong><br \/>\n<strong>04451 Borsdorf OT Panitzsch<\/strong><\/p>\n<p style=\"text-align: center;\"><strong>Dr. Petra Lau (Vorsitzende)<\/strong><br \/>\n<strong>Nyke Mika Lou A\u00dfhauer (Stv. Vorsitzender \/ Webmaster)<br \/>\nHenry Lewkowitz (Schatzmeister)<\/strong><\/p>\n<p style=\"text-align: center;\"><strong>E-Mail: <\/strong><a href=\"mailto:kontakt@margarete-blank-gedenkstaette.com\">kontakt@margarete-blank-gedenkstaette.com<\/a><br \/>\n<strong>Internet: <\/strong><a href=\"http:\/\/margarete-blank-gedenkstaette.com\/\">www.margarete-blank-gedenkstaette.com<\/a><\/p>\n<p style=\"text-align: center;\"><strong>Kontoverbindung:<\/strong><br \/>\n<strong>IBAN: <\/strong><span style=\"font-size: 1rem;\">DE92830654080004288700<br \/>\n<\/span><strong><span style=\"font-size: 1rem;\">BIC: <\/span><\/strong><span style=\"font-size: 1rem;\">GENODEF1SLR<\/span><\/p>\n<p style=\"text-align: center;\"><strong>Bildnachweis:<\/strong><br \/>\nNachlass von Margarete Blank, Nr.21784, S\u00e4chsisches Staatsarchiv Leipzig<\/p>\n<p style=\"text-align: center;\">Namentlich gekennzeichnete Beitr\u00e4ge und Artikel geben nicht unbedingt die Meinung der Redaktion wider. Mit Urteil vom 12. Mai 1998 hat das Landgericht Hamburg entschieden, dass man durch die Anbringung eines Links die Inhalte der gelinkten Seite ggf. mit zu verantworten hat. Dies kann, so das LG, nur dadurch verhindert werden, dass man sich ausdr\u00fccklich von diesen Inhalten distanziert. Der F\u00f6rderverein Dr.-Margarete-Blank-Gedenkst\u00e4tte Panitzsch e. V. erkl\u00e4rt daher ausdr\u00fccklich, dass er keinerlei Einfluss auf die Gestaltung und die Inhalte der gelinkten Seiten hat. Deshalb distanziert er sich hiermit ausdr\u00fccklich von allen Inhalten aller gelinkten Seiten auf seiner Internetpr\u00e4senz und macht sich diese Inhalte nicht zu Eigen. Er \u00fcbernimmt daher keinerlei Haftung in Hinsicht auf links- und rechtsextreme oder sonstige Inhalte. Diese Erkl\u00e4rung gilt f\u00fcr alle auf seiner Internetpr\u00e4senz angezeigten Links und f\u00fcr alle Inhalte der Seiten, zu denen diese f\u00fchren.<\/p>\n","protected":false},"excerpt":{"rendered":"<p>Dr.-Margarete-Blank-Gedenkst\u00e4tte Panitzsch e. V. Registergericht: Leipzig Registernummer: VR 6928 Adresse: Dr.-Margarete-Blank-Stra\u00dfe 15 04451 Borsdorf OT Panitzsch Dr. Petra Lau (Vorsitzende) Nyke Mika Lou A\u00dfhauer (Stv. Vorsitzender \/ Webmaster) Henry Lewkowitz (Schatzmeister) E-Mail: kontakt@margarete-blank-gedenkstaette.com Internet: www.margarete-blank-gedenkstaette.com Kontoverbindung: IBAN: DE92830654080004288700 BIC: GENODEF1SLR Bildnachweis: Nachlass von Margarete Blank, Nr.21784, S\u00e4chsisches Staatsarchiv Leipzig Namentlich gekennzeichnete Beitr\u00e4ge und Artikel geben &hellip; <\/p>\n<p class=\"link-more\"><a href=\"http:\/\/margarete-blank-gedenkstaette.com\/?page_id=2\" class=\"more-link\"><span class=\"screen-reader-text\">\u201eKontakt \/ Impressum\u201c <\/span>weiterlesen<\/a><\/p>\n","protected":false},"author":1,"featured_media":55,"parent":0,"menu_order":0,"comment_status":"closed","ping_status":"open","template":"","meta":{"footnotes":""},"class_list":["post-2","page","type-page","status-publish","has-post-thumbnail","hentry"],"_links":{"self":[{"href":"http:\/\/margarete-blank-gedenkstaette.com\/index.php?rest_route=\/wp\/v2\/pages\/2","targetHints":{"allow":["GET"]}}],"collection":[{"href":"http:\/\/margarete-blank-gedenkstaette.com\/index.php?rest_route=\/wp\/v2\/pages"}],"about":[{"href":"http:\/\/margarete-blank-gedenkstaette.com\/index.php?rest_route=\/wp\/v2\/types\/page"}],"author":[{"embeddable":true,"href":"http:\/\/margarete-blank-gedenkstaette.com\/index.php?rest_route=\/wp\/v2\/users\/1"}],"replies":[{"embeddable":true,"href":"http:\/\/margarete-blank-gedenkstaette.com\/index.php?rest_route=%2Fwp%2Fv2%2Fcomments&post=2"}],"version-history":[{"count":19,"href":"http:\/\/margarete-blank-gedenkstaette.com\/index.php?rest_route=\/wp\/v2\/pages\/2\/revisions"}],"predecessor-version":[{"id":290,"href":"http:\/\/margarete-blank-gedenkstaette.com\/index.php?rest_route=\/wp\/v2\/pages\/2\/revisions\/290"}],"wp:featuredmedia":[{"embeddable":true,"href":"http:\/\/margarete-blank-gedenkstaette.com\/index.php?rest_route=\/wp\/v2\/media\/55"}],"wp:attachment":[{"href":"http:\/\/margarete-blank-gedenkstaette.com\/index.php?rest_route=%2Fwp%2Fv2%2Fmedia&parent=2"}],"curies":[{"name":"wp","href":"https:\/\/api.w.org\/{rel}","templated":true}]}}