{"id":34,"date":"2019-10-12T09:00:07","date_gmt":"2019-10-12T09:00:07","guid":{"rendered":"http:\/\/margarete-blank-gedenkstaette.com\/?page_id=34"},"modified":"2021-07-04T10:05:52","modified_gmt":"2021-07-04T10:05:52","slug":"lage-anfahrt","status":"publish","type":"page","link":"http:\/\/margarete-blank-gedenkstaette.com\/?page_id=34","title":{"rendered":"Lage \/ Anfahrt"},"content":{"rendered":"<p>Die Dr.-Margarete-Blank-Gedenkst\u00e4tte befindet sich am Ende der Dr.-Margarete-Blank-Stra\u00dfe in Borsdorf, Ortsteil Panitzsch.<\/p>\n<p><strong>Adresse:<\/strong><br \/>\n<strong>Dr.-Margarete-Blank-Stra\u00dfe 15, 04451 Borsdorf<\/strong><\/p>\n","protected":false},"excerpt":{"rendered":"<p>Die Dr.-Margarete-Blank-Gedenkst\u00e4tte befindet sich am Ende der Dr.-Margarete-Blank-Stra\u00dfe in Borsdorf, Ortsteil Panitzsch. Adresse: Dr.-Margarete-Blank-Stra\u00dfe 15, 04451 Borsdorf<\/p>\n","protected":false},"author":1,"featured_media":35,"parent":0,"menu_order":0,"comment_status":"closed","ping_status":"closed","template":"","meta":{"footnotes":""},"class_list":["post-34","page","type-page","status-publish","has-post-thumbnail","hentry"],"_links":{"self":[{"href":"http:\/\/margarete-blank-gedenkstaette.com\/index.php?rest_route=\/wp\/v2\/pages\/34","targetHints":{"allow":["GET"]}}],"collection":[{"href":"http:\/\/margarete-blank-gedenkstaette.com\/index.php?rest_route=\/wp\/v2\/pages"}],"about":[{"href":"http:\/\/margarete-blank-gedenkstaette.com\/index.php?rest_route=\/wp\/v2\/types\/page"}],"author":[{"embeddable":true,"href":"http:\/\/margarete-blank-gedenkstaette.com\/index.php?rest_route=\/wp\/v2\/users\/1"}],"replies":[{"embeddable":true,"href":"http:\/\/margarete-blank-gedenkstaette.com\/index.php?rest_route=%2Fwp%2Fv2%2Fcomments&post=34"}],"version-history":[{"count":3,"href":"http:\/\/margarete-blank-gedenkstaette.com\/index.php?rest_route=\/wp\/v2\/pages\/34\/revisions"}],"predecessor-version":[{"id":260,"href":"http:\/\/margarete-blank-gedenkstaette.com\/index.php?rest_route=\/wp\/v2\/pages\/34\/revisions\/260"}],"wp:featuredmedia":[{"embeddable":true,"href":"http:\/\/margarete-blank-gedenkstaette.com\/index.php?rest_route=\/wp\/v2\/media\/35"}],"wp:attachment":[{"href":"http:\/\/margarete-blank-gedenkstaette.com\/index.php?rest_route=%2Fwp%2Fv2%2Fmedia&parent=34"}],"curies":[{"name":"wp","href":"https:\/\/api.w.org\/{rel}","templated":true}]}}